{"id":67,"date":"2018-01-05T16:58:06","date_gmt":"2018-01-05T15:58:06","guid":{"rendered":"http:\/\/www.joachimkrass.de\/?page_id=67"},"modified":"2022-10-25T10:23:10","modified_gmt":"2022-10-25T08:23:10","slug":"aktuelles","status":"publish","type":"page","link":"http:\/\/www.joachimkrass.de\/index.php\/aktuelles\/","title":{"rendered":"Aktuelles"},"content":{"rendered":"<p style=\"text-align: center;\">Liebe Interressierte, am 1. Nov. werde ich in der Zeit von 11:00 &#8211; 16:00\u00a0 nochmal vor Ort sein. Wer die Austellung dann besichtigen m\u00f6chte ist herzlich willkommen. Adresse: Kreishaus Osnabr\u00fcck, Am Sch\u00f6lerberg 1 <img loading=\"lazy\" class=\"alignnone size-full wp-image-425\" src=\"http:\/\/www.joachimkrass.de\/wp-content\/uploads\/2022\/10\/LKOS_Kulturbuero_Einladung_Krass_Digital_220829_2.jpg\" alt=\"\" width=\"1500\" height=\"1476\" srcset=\"http:\/\/www.joachimkrass.de\/wp-content\/uploads\/2022\/10\/LKOS_Kulturbuero_Einladung_Krass_Digital_220829_2.jpg 1500w, http:\/\/www.joachimkrass.de\/wp-content\/uploads\/2022\/10\/LKOS_Kulturbuero_Einladung_Krass_Digital_220829_2-300x295.jpg 300w, http:\/\/www.joachimkrass.de\/wp-content\/uploads\/2022\/10\/LKOS_Kulturbuero_Einladung_Krass_Digital_220829_2-768x756.jpg 768w, http:\/\/www.joachimkrass.de\/wp-content\/uploads\/2022\/10\/LKOS_Kulturbuero_Einladung_Krass_Digital_220829_2-1024x1008.jpg 1024w, http:\/\/www.joachimkrass.de\/wp-content\/uploads\/2022\/10\/LKOS_Kulturbuero_Einladung_Krass_Digital_220829_2-1x1.jpg 1w\" sizes=\"(max-width: 1500px) 100vw, 1500px\" \/><\/p>\n<p>&nbsp;<\/p>\n<p>&nbsp;<\/p>\n<p>&nbsp;<\/p>\n<p>&nbsp;<\/p>\n","protected":false},"excerpt":{"rendered":"<p>Liebe Interressierte, am 1. Nov. werde ich in der Zeit von 11:00 &#8211; 16:00\u00a0 nochmal vor Ort sein. Wer die Austellung dann besichtigen m\u00f6chte ist herzlich willkommen. Adresse: Kreishaus Osnabr\u00fcck, Am Sch\u00f6lerberg 1 &nbsp; &nbsp; &nbsp; &nbsp;<\/p>\n","protected":false},"author":1,"featured_media":0,"parent":0,"menu_order":0,"comment_status":"closed","ping_status":"closed","template":"","meta":[],"_links":{"self":[{"href":"http:\/\/www.joachimkrass.de\/index.php\/wp-json\/wp\/v2\/pages\/67"}],"collection":[{"href":"http:\/\/www.joachimkrass.de\/index.php\/wp-json\/wp\/v2\/pages"}],"about":[{"href":"http:\/\/www.joachimkrass.de\/index.php\/wp-json\/wp\/v2\/types\/page"}],"author":[{"embeddable":true,"href":"http:\/\/www.joachimkrass.de\/index.php\/wp-json\/wp\/v2\/users\/1"}],"replies":[{"embeddable":true,"href":"http:\/\/www.joachimkrass.de\/index.php\/wp-json\/wp\/v2\/comments?post=67"}],"version-history":[{"count":30,"href":"http:\/\/www.joachimkrass.de\/index.php\/wp-json\/wp\/v2\/pages\/67\/revisions"}],"predecessor-version":[{"id":439,"href":"http:\/\/www.joachimkrass.de\/index.php\/wp-json\/wp\/v2\/pages\/67\/revisions\/439"}],"wp:attachment":[{"href":"http:\/\/www.joachimkrass.de\/index.php\/wp-json\/wp\/v2\/media?parent=67"}],"curies":[{"name":"wp","href":"https:\/\/api.w.org\/{rel}","templated":true}]}}